{"id":7226,"date":"2022-03-07T18:39:52","date_gmt":"2022-03-07T18:39:52","guid":{"rendered":"https:\/\/fycconsultores.com\/inicio\/?page_id=7226"},"modified":"2023-01-30T17:26:07","modified_gmt":"2023-01-30T17:26:07","slug":"team-2022","status":"publish","type":"page","link":"https:\/\/fycconsultores.com\/inicio\/team-2022","title":{"rendered":"Equipo de trabajo Log\u00edstico 2022"},"content":{"rendered":"\n\n\t\t\t\t<img loading=\"lazy\" decoding=\"async\" src=\"https:\/\/fycconsultores.com\/inicio\/wp-content\/uploads\/2022\/03\/MG_1057-1024x675.jpg\" alt=\"Johanna Escorcia Arcos - \nGerente General\" itemprop=\"image\" height=\"568\" width=\"862\" title=\"Johanna Escorcia Arcos\" onerror=\"this.style.display='none'\"  \/>\n\t\tJohanna Escorcia Arcos &#8211; \nGerente General\n\t\t\t\t<img loading=\"lazy\" decoding=\"async\" src=\"https:\/\/fycconsultores.com\/inicio\/wp-content\/uploads\/2022\/03\/nohora.jpg\" alt=\"Nohora Su\u00e1rez - Revisora Fiscal\" itemprop=\"image\" height=\"400\" width=\"400\" title=\"nohora\" onerror=\"this.style.display='none'\"  \/>\n\t\tNohora Su\u00e1rez &#8211; Revisora Fiscal\n\t\t\t\t<img loading=\"lazy\" decoding=\"async\" src=\"https:\/\/fycconsultores.com\/inicio\/wp-content\/uploads\/2022\/03\/ignacio.jpg\" alt=\"Ignacio Cantillo - Asesor Jur\u00eddico\" itemprop=\"image\" height=\"400\" width=\"400\" title=\"ignacio\" onerror=\"this.style.display='none'\"  \/>\n\t\tIgnacio Cantillo &#8211; Asesor Jur\u00eddico\n\t\t\t\t<img loading=\"lazy\" decoding=\"async\" src=\"https:\/\/fycconsultores.com\/inicio\/wp-content\/uploads\/2022\/03\/wilson.jpg\" alt=\"Wilson Tibaduiza - Contador P\u00fablico\" itemprop=\"image\" height=\"400\" width=\"400\" title=\"wilson\" onerror=\"this.style.display='none'\"  \/>\n\t\tWilson Tibaduiza &#8211; Contador P\u00fablico\n\t\t\t\t<img loading=\"lazy\" decoding=\"async\" src=\"https:\/\/fycconsultores.com\/inicio\/wp-content\/uploads\/2022\/03\/MG_0402-scaled.jpg\" alt=\"Angela Per\u00e9z - \nGerente Financiera\" itemprop=\"image\" height=\"1707\" width=\"2560\" title=\"_MG_0402\" onerror=\"this.style.display='none'\"  \/>\n\t\tAngela Per\u00e9z &#8211; \nGerente Financiera\n\t\t\t\t<img loading=\"lazy\" decoding=\"async\" src=\"https:\/\/fycconsultores.com\/inicio\/wp-content\/uploads\/2022\/03\/MG_0482-scaled.jpg\" alt=\"Sandra Velasco - Auxiliar Contable\" itemprop=\"image\" height=\"1707\" width=\"2560\" title=\"_MG_0482\" onerror=\"this.style.display='none'\"  \/>\n\t\tSandra Velasco &#8211; Auxiliar Contable\n\t\t\t\t<img loading=\"lazy\" decoding=\"async\" src=\"https:\/\/fycconsultores.com\/inicio\/wp-content\/uploads\/2022\/03\/IMG-0035-scaled.jpg\" alt=\"\u00d3scar Funeme - \nAuditor de calidad\" itemprop=\"image\" height=\"1818\" width=\"2560\" title=\"IMG-0035\" onerror=\"this.style.display='none'\"  \/>\n\t\t\u00d3scar Funeme &#8211; \nAuditor de calidad\n\t\t\t\t<img loading=\"lazy\" decoding=\"async\" src=\"https:\/\/fycconsultores.com\/inicio\/wp-content\/uploads\/2022\/03\/MG_0026-scaled.jpg\" alt=\"Jos\u00e9 Escorcia - Auxiliar Administrativo\" itemprop=\"image\" height=\"1707\" width=\"2560\" title=\"_MG_0026\" onerror=\"this.style.display='none'\"  \/>\n\t\tJos\u00e9 Escorcia &#8211; Auxiliar Administrativo\n\t\t\t\t<img loading=\"lazy\" decoding=\"async\" src=\"https:\/\/fycconsultores.com\/inicio\/wp-content\/uploads\/2022\/03\/MG_9943-scaled.jpg\" alt=\"Maria Isabel Soto Arcos - \nGerente Comercial\" itemprop=\"image\" height=\"1707\" width=\"2560\" title=\"_MG_9943\" onerror=\"this.style.display='none'\"  \/>\n\t\tMaria Isabel Soto Arcos &#8211; \nGerente Comercial\n\t\t\t\t<img loading=\"lazy\" decoding=\"async\" src=\"https:\/\/fycconsultores.com\/inicio\/wp-content\/uploads\/2022\/03\/MG_9907-scaled.jpg\" alt=\"Deisy Solarte - \nDirectora Comercial \" itemprop=\"image\" height=\"1707\" width=\"2560\" title=\"_MG_9907\" onerror=\"this.style.display='none'\"  \/>\n\t\tDeisy Solarte &#8211; \nDirectora Comercial \n\t\t\t\t<img loading=\"lazy\" decoding=\"async\" src=\"https:\/\/fycconsultores.com\/inicio\/wp-content\/uploads\/2022\/03\/MG_0006-scaled.jpg\" alt=\"Erik Guevara - \nDirector de Innovaci\u00f3n \" itemprop=\"image\" height=\"1707\" width=\"2560\" title=\"_MG_0006\" onerror=\"this.style.display='none'\"  \/>\n\t\tErik Guevara &#8211; \nDirector de Innovaci\u00f3n \n\t\t\t\t<img loading=\"lazy\" decoding=\"async\" src=\"https:\/\/fycconsultores.com\/inicio\/wp-content\/uploads\/2022\/03\/MG_9889-scaled.jpg\" alt=\"Laura D\u00edaz - \nDirectora Log\u00edstica\" itemprop=\"image\" height=\"1706\" width=\"2560\" title=\"_MG_9889\" onerror=\"this.style.display='none'\"  \/>\n\t\tLaura D\u00edaz &#8211; \nDirectora Log\u00edstica\n\t\t\t\t<img loading=\"lazy\" decoding=\"async\" src=\"https:\/\/fycconsultores.com\/inicio\/wp-content\/uploads\/2022\/03\/MG_9989-scaled.jpg\" alt=\"Erik Guevara - \nDirector de Innovaci\u00f3n \" itemprop=\"image\" height=\"1707\" width=\"2560\" title=\"_MG_9989\" onerror=\"this.style.display='none'\"  \/>\n\t\tLuis Gordillo &#8211; \nDirector de Comunicaciones\n\t\t\t\t<img loading=\"lazy\" decoding=\"async\" src=\"https:\/\/fycconsultores.com\/inicio\/wp-content\/uploads\/2022\/03\/MG_9963-scaled.jpg\" alt=\"Jhon Escorcia - Coordinador Log\u00edstico\" itemprop=\"image\" height=\"1707\" width=\"2560\" title=\"_MG_9963\" onerror=\"this.style.display='none'\"  \/>\n\t\tJhon Escorcia &#8211; Coordinador Log\u00edstico\n\t\t\t\t<img loading=\"lazy\" decoding=\"async\" src=\"https:\/\/fycconsultores.com\/inicio\/wp-content\/uploads\/2022\/03\/MG_0170-scaled.jpg\" alt=\"Sebasti\u00e1n Cort\u00e9s - Coordinador Log\u00edstico\" itemprop=\"image\" height=\"1707\" width=\"2560\" title=\"_MG_0170\" onerror=\"this.style.display='none'\"  \/>\n\t\tSebasti\u00e1n Cort\u00e9s &#8211; Coordinador Log\u00edstico\n\t\t\t\t<img loading=\"lazy\" decoding=\"async\" src=\"https:\/\/fycconsultores.com\/inicio\/wp-content\/uploads\/2022\/03\/foto-gino_-1-scaled.jpg\" alt=\"Gino Natale - Coordinador T.I.\" itemprop=\"image\" height=\"1707\" width=\"2560\" title=\"foto gino_\" onerror=\"this.style.display='none'\"  \/>\n\t\tGino Natale &#8211; Coordinador T.I.\n\t\t\t\t<img loading=\"lazy\" decoding=\"async\" src=\"https:\/\/fycconsultores.com\/inicio\/wp-content\/uploads\/2022\/03\/MG_0296-scaled.jpg\" alt=\"Tatiana S\u00e1nchez - Coordinadora de Comunicaciones \" itemprop=\"image\" height=\"1707\" width=\"2560\" title=\"_MG_0296\" onerror=\"this.style.display='none'\"  \/>\n\t\tTatiana S\u00e1nchez &#8211; Coordinadora de Comunicaciones \n\t\t\t\t<img loading=\"lazy\" decoding=\"async\" src=\"https:\/\/fycconsultores.com\/inicio\/wp-content\/uploads\/2022\/03\/MG_0251-scaled.jpg\" alt=\"Vanessa Ort\u00edz - Coordinadora Comercial\" itemprop=\"image\" height=\"1707\" width=\"2560\" title=\"_MG_0251\" onerror=\"this.style.display='none'\"  \/>\n\t\tVanessa Ort\u00edz &#8211; Coordinadora Comercial\n\t\t\t\t<img loading=\"lazy\" decoding=\"async\" src=\"https:\/\/fycconsultores.com\/inicio\/wp-content\/uploads\/2022\/03\/MG_0202-scaled.jpg\" alt=\"Alejandra Mu\u00f1oz - Coordinadora Comercial\" itemprop=\"image\" height=\"1707\" width=\"2560\" title=\"_MG_0202\" onerror=\"this.style.display='none'\"  \/>\n\t\tAlejandra Mu\u00f1oz &#8211; Coordinadora Comercial\n\t\t\t\t<img loading=\"lazy\" decoding=\"async\" src=\"https:\/\/fycconsultores.com\/inicio\/wp-content\/uploads\/2022\/03\/MG_0050-scaled.jpg\" alt=\"Paola Neira - Coordinadora Comercial\" itemprop=\"image\" height=\"1707\" width=\"2560\" title=\"_MG_0050\" onerror=\"this.style.display='none'\"  \/>\n\t\tPaola Neira &#8211; Coordinadora Comercial\n\t\t\t\t<img loading=\"lazy\" decoding=\"async\" src=\"https:\/\/fycconsultores.com\/inicio\/wp-content\/uploads\/2022\/03\/MG_0154-scaled.jpg\" alt=\"Patricia Mart\u00ednez - Gestora Comercial Senior\" itemprop=\"image\" height=\"1707\" width=\"2560\" title=\"_MG_0154\" onerror=\"this.style.display='none'\"  \/>\n\t\tPatricia Mart\u00ednez &#8211; Gestora Comercial Senior\n\t\t\t\t<img loading=\"lazy\" decoding=\"async\" src=\"https:\/\/fycconsultores.com\/inicio\/wp-content\/uploads\/2022\/03\/MG_9914-scaled.jpg\" alt=\"Alexandra G\u00f3mez - Gestora Comercial Senior\" itemprop=\"image\" height=\"1707\" width=\"2560\" title=\"_MG_9914\" onerror=\"this.style.display='none'\"  \/>\n\t\tAlexandra G\u00f3mez &#8211; Gestora Comercial Senior\n\t\t\t\t<img loading=\"lazy\" decoding=\"async\" src=\"https:\/\/fycconsultores.com\/inicio\/wp-content\/uploads\/2022\/03\/MG_9916-scaled.jpg\" alt=\"Daniela Herrera - Gestora Comercial Senior\" itemprop=\"image\" height=\"1707\" width=\"2560\" title=\"_MG_9916\" onerror=\"this.style.display='none'\"  \/>\n\t\tDaniela Herrera &#8211; Gestora Comercial Senior\n\t\t\t\t<img loading=\"lazy\" decoding=\"async\" src=\"https:\/\/fycconsultores.com\/inicio\/wp-content\/uploads\/2022\/03\/MG_2275-scaled.jpg\" alt=\"Johanna Tasc\u00f3n - Gestora Comercial Junior\" itemprop=\"image\" height=\"1707\" width=\"2560\" title=\"_MG_2275\" onerror=\"this.style.display='none'\"  \/>\n\t\tJohanna Tasc\u00f3n &#8211; Gestora Comercial Junior\n\t\t\t\t<img loading=\"lazy\" decoding=\"async\" src=\"https:\/\/fycconsultores.com\/inicio\/wp-content\/uploads\/2022\/03\/MG_4248-scaled.jpg\" alt=\"Valentina Vargas - L\u00edder de Comunicaciones \" itemprop=\"image\" height=\"1706\" width=\"2560\" title=\"_MG_4248\" onerror=\"this.style.display='none'\"  \/>\n\t\tValentina Vargas &#8211; L\u00edder de Comunicaciones \n\n","protected":false},"excerpt":{"rendered":"<p>Johanna Escorcia Arcos &#8211; Gerente General Nohora Su\u00e1rez &#8211; Revisora Fiscal Ignacio Cantillo &#8211; Asesor Jur\u00eddico Wilson Tibaduiza &#8211; Contador P\u00fablico Angela Per\u00e9z &#8211; Gerente Financiera Sandra Velasco &#8211; Auxiliar &#8230;<\/p>\n","protected":false},"author":2,"featured_media":0,"parent":0,"menu_order":0,"comment_status":"closed","ping_status":"closed","template":"template-blank-1.php","meta":{"ngg_post_thumbnail":0,"_joinchat":[],"footnotes":""},"class_list":["post-7226","page","type-page","status-publish","hentry","no-post-thumbnail"],"_links":{"self":[{"href":"https:\/\/fycconsultores.com\/inicio\/wp-json\/wp\/v2\/pages\/7226","targetHints":{"allow":["GET"]}}],"collection":[{"href":"https:\/\/fycconsultores.com\/inicio\/wp-json\/wp\/v2\/pages"}],"about":[{"href":"https:\/\/fycconsultores.com\/inicio\/wp-json\/wp\/v2\/types\/page"}],"author":[{"embeddable":true,"href":"https:\/\/fycconsultores.com\/inicio\/wp-json\/wp\/v2\/users\/2"}],"replies":[{"embeddable":true,"href":"https:\/\/fycconsultores.com\/inicio\/wp-json\/wp\/v2\/comments?post=7226"}],"version-history":[{"count":14,"href":"https:\/\/fycconsultores.com\/inicio\/wp-json\/wp\/v2\/pages\/7226\/revisions"}],"predecessor-version":[{"id":9677,"href":"https:\/\/fycconsultores.com\/inicio\/wp-json\/wp\/v2\/pages\/7226\/revisions\/9677"}],"wp:attachment":[{"href":"https:\/\/fycconsultores.com\/inicio\/wp-json\/wp\/v2\/media?parent=7226"}],"curies":[{"name":"wp","href":"https:\/\/api.w.org\/{rel}","templated":true}]}}