{"id":417,"date":"2019-11-05T14:31:22","date_gmt":"2019-11-05T14:31:22","guid":{"rendered":"http:\/\/fycconsultores.com\/inicio\/?page_id=417"},"modified":"2021-02-19T21:18:26","modified_gmt":"2021-02-19T21:18:26","slug":"nuestra-metodologia","status":"publish","type":"page","link":"https:\/\/fycconsultores.com\/inicio\/nuestra-metodologia","title":{"rendered":"Nuestra metodolog\u00eda"},"content":{"rendered":"<div id=\"cs-content\" class=\"cs-content\"><\/div>\n","protected":false},"excerpt":{"rendered":"<p>Nuestra metodolog\u00edaPRESENCIALVIRTUAL\u00bfQU\u00c9? F&amp;C Consultores ha implementado a lo largo de los \u00faltimos seis a\u00f1os una metodolog\u00eda interactiva que tiene como objetivo principal medir el impacto de las capacitaciones mediante la &#8230;<\/p>\n","protected":false},"author":2,"featured_media":0,"parent":0,"menu_order":0,"comment_status":"closed","ping_status":"closed","template":"template-blank-1.php","meta":{"ngg_post_thumbnail":0,"_joinchat":[],"footnotes":""},"class_list":["post-417","page","type-page","status-publish","hentry","no-post-thumbnail"],"_links":{"self":[{"href":"https:\/\/fycconsultores.com\/inicio\/wp-json\/wp\/v2\/pages\/417","targetHints":{"allow":["GET"]}}],"collection":[{"href":"https:\/\/fycconsultores.com\/inicio\/wp-json\/wp\/v2\/pages"}],"about":[{"href":"https:\/\/fycconsultores.com\/inicio\/wp-json\/wp\/v2\/types\/page"}],"author":[{"embeddable":true,"href":"https:\/\/fycconsultores.com\/inicio\/wp-json\/wp\/v2\/users\/2"}],"replies":[{"embeddable":true,"href":"https:\/\/fycconsultores.com\/inicio\/wp-json\/wp\/v2\/comments?post=417"}],"version-history":[{"count":23,"href":"https:\/\/fycconsultores.com\/inicio\/wp-json\/wp\/v2\/pages\/417\/revisions"}],"predecessor-version":[{"id":3785,"href":"https:\/\/fycconsultores.com\/inicio\/wp-json\/wp\/v2\/pages\/417\/revisions\/3785"}],"wp:attachment":[{"href":"https:\/\/fycconsultores.com\/inicio\/wp-json\/wp\/v2\/media?parent=417"}],"curies":[{"name":"wp","href":"https:\/\/api.w.org\/{rel}","templated":true}]}}