{"id":3934,"date":"2021-02-26T20:41:35","date_gmt":"2021-02-26T20:41:35","guid":{"rendered":"http:\/\/fycconsultores.com\/inicio\/?page_id=3934"},"modified":"2021-03-05T20:05:00","modified_gmt":"2021-03-05T20:05:00","slug":"servicios-virtual","status":"publish","type":"page","link":"https:\/\/fycconsultores.com\/inicio\/servicios-virtual","title":{"rendered":"Servicios Virtual"},"content":{"rendered":"<div id=\"cs-content\" class=\"cs-content\"><\/div>\n","protected":false},"excerpt":{"rendered":"<p>Oferta virtualFormaci\u00f3n abiertaSe desarrolla a trav\u00e9s de congresos, cursos, jornadas y m\u00f3dulos que se llevan a cabo por medio de una plataforma virtual con contenidos acad\u00e9micos especializados, los cuales se &#8230;<\/p>\n","protected":false},"author":2,"featured_media":0,"parent":0,"menu_order":0,"comment_status":"closed","ping_status":"closed","template":"template-blank-1.php","meta":{"ngg_post_thumbnail":0,"_joinchat":[],"footnotes":""},"class_list":["post-3934","page","type-page","status-publish","hentry","no-post-thumbnail"],"_links":{"self":[{"href":"https:\/\/fycconsultores.com\/inicio\/wp-json\/wp\/v2\/pages\/3934","targetHints":{"allow":["GET"]}}],"collection":[{"href":"https:\/\/fycconsultores.com\/inicio\/wp-json\/wp\/v2\/pages"}],"about":[{"href":"https:\/\/fycconsultores.com\/inicio\/wp-json\/wp\/v2\/types\/page"}],"author":[{"embeddable":true,"href":"https:\/\/fycconsultores.com\/inicio\/wp-json\/wp\/v2\/users\/2"}],"replies":[{"embeddable":true,"href":"https:\/\/fycconsultores.com\/inicio\/wp-json\/wp\/v2\/comments?post=3934"}],"version-history":[{"count":2,"href":"https:\/\/fycconsultores.com\/inicio\/wp-json\/wp\/v2\/pages\/3934\/revisions"}],"predecessor-version":[{"id":3957,"href":"https:\/\/fycconsultores.com\/inicio\/wp-json\/wp\/v2\/pages\/3934\/revisions\/3957"}],"wp:attachment":[{"href":"https:\/\/fycconsultores.com\/inicio\/wp-json\/wp\/v2\/media?parent=3934"}],"curies":[{"name":"wp","href":"https:\/\/api.w.org\/{rel}","templated":true}]}}