{"id":14,"date":"2019-08-30T16:55:15","date_gmt":"2019-08-30T16:55:15","guid":{"rendered":"http:\/\/fycconsultores.com\/inicio\/?page_id=14"},"modified":"2021-03-05T20:06:44","modified_gmt":"2021-03-05T20:06:44","slug":"oferta","status":"publish","type":"page","link":"https:\/\/fycconsultores.com\/inicio\/oferta","title":{"rendered":"Oferta"},"content":{"rendered":"<div id=\"cs-content\" class=\"cs-content\"><\/div>\n","protected":false},"excerpt":{"rendered":"<p>Formaci\u00f3n Presencial Formaci\u00f3n Presencial Ver m\u00e1sFormaci\u00f3n Virtual Formaci\u00f3n Virtual Ver m\u00e1s<\/p>\n","protected":false},"author":2,"featured_media":0,"parent":0,"menu_order":0,"comment_status":"closed","ping_status":"closed","template":"template-blank-4.php","meta":{"ngg_post_thumbnail":0,"_joinchat":[],"footnotes":""},"class_list":["post-14","page","type-page","status-publish","hentry","no-post-thumbnail"],"_links":{"self":[{"href":"https:\/\/fycconsultores.com\/inicio\/wp-json\/wp\/v2\/pages\/14","targetHints":{"allow":["GET"]}}],"collection":[{"href":"https:\/\/fycconsultores.com\/inicio\/wp-json\/wp\/v2\/pages"}],"about":[{"href":"https:\/\/fycconsultores.com\/inicio\/wp-json\/wp\/v2\/types\/page"}],"author":[{"embeddable":true,"href":"https:\/\/fycconsultores.com\/inicio\/wp-json\/wp\/v2\/users\/2"}],"replies":[{"embeddable":true,"href":"https:\/\/fycconsultores.com\/inicio\/wp-json\/wp\/v2\/comments?post=14"}],"version-history":[{"count":89,"href":"https:\/\/fycconsultores.com\/inicio\/wp-json\/wp\/v2\/pages\/14\/revisions"}],"predecessor-version":[{"id":3959,"href":"https:\/\/fycconsultores.com\/inicio\/wp-json\/wp\/v2\/pages\/14\/revisions\/3959"}],"wp:attachment":[{"href":"https:\/\/fycconsultores.com\/inicio\/wp-json\/wp\/v2\/media?parent=14"}],"curies":[{"name":"wp","href":"https:\/\/api.w.org\/{rel}","templated":true}]}}