{"id":120,"date":"2015-04-08T18:39:04","date_gmt":"2015-04-08T23:39:04","guid":{"rendered":"http:\/\/fycconsultores.com\/inicio\/?page_id=120"},"modified":"2025-01-07T18:48:04","modified_gmt":"2025-01-07T23:48:04","slug":"home","status":"publish","type":"page","link":"https:\/\/fycconsultores.com\/inicio\/","title":{"rendered":"Home"},"content":{"rendered":"<div id=\"cs-content\" class=\"cs-content\"><div class=\"x-section e120-e1 m3c-0\" id=\"proximosEventos\"><div class=\"x-row x-container max width e120-e2 m3c-1 m3c-2 m3c-3\"><div class=\"x-row-inner\"><div class=\"x-col e120-e3 m3c-5\"><script type=\"text\/javascript\">jQuery(function() { _initLayerSlider( '#layerslider_2_143dxf3ngemxo', {createdWith: '6.9.2', sliderVersion: '8.2.0', allowFullscreen: true, pauseOnHover: 'enabled', skin: 'borderlesslight3d', sliderFadeInDuration: 350, navStartStop: false, navButtons: false, showBarTimer: true, showCircleTimer: false, useSrcset: true, skinsPath: 'https:\/\/fycconsultores.com\/inicio\/wp-content\/plugins\/LayerSlider\/assets\/static\/layerslider\/skins\/', performanceMode: true}); });<\/script><div id=\"layerslider_2_143dxf3ngemxo\"  class=\"ls-wp-container fitvidsignore ls-selectable\" style=\"width:2000px;height:958px;margin:0 auto;margin-bottom: 0px;\"><div class=\"ls-slide\" ><img loading=\"lazy\" decoding=\"async\" width=\"2000\" height=\"960\" src=\"https:\/\/fycconsultores.com\/inicio\/wp-content\/uploads\/2026\/04\/Imagenes-web_Banner-Home.png\" class=\"ls-bg\" alt=\"\" srcset=\"https:\/\/fycconsultores.com\/inicio\/wp-content\/uploads\/2026\/04\/Imagenes-web_Banner-Home.png 2000w, https:\/\/fycconsultores.com\/inicio\/wp-content\/uploads\/2026\/04\/Imagenes-web_Banner-Home-300x144.png 300w, https:\/\/fycconsultores.com\/inicio\/wp-content\/uploads\/2026\/04\/Imagenes-web_Banner-Home-1024x492.png 1024w, https:\/\/fycconsultores.com\/inicio\/wp-content\/uploads\/2026\/04\/Imagenes-web_Banner-Home-768x369.png 768w, https:\/\/fycconsultores.com\/inicio\/wp-content\/uploads\/2026\/04\/Imagenes-web_Banner-Home-1536x737.png 1536w, https:\/\/fycconsultores.com\/inicio\/wp-content\/uploads\/2026\/04\/Imagenes-web_Banner-Home-100x48.png 100w, https:\/\/fycconsultores.com\/inicio\/wp-content\/uploads\/2026\/04\/Imagenes-web_Banner-Home-862x414.png 862w, https:\/\/fycconsultores.com\/inicio\/wp-content\/uploads\/2026\/04\/Imagenes-web_Banner-Home-1170x562.png 1170w\" sizes=\"auto, (max-width: 2000px) 100vw, 2000px\" \/><a href=\"https:\/\/fycconsultores.com\/inicio\/jornadaevents\/jor-herramientas-gestion-manejo-almacen-inventario\" target=\"_self\" class=\"ls-link ls-link-on-top\"><\/a><\/div><div class=\"ls-slide\" ><img loading=\"lazy\" decoding=\"async\" width=\"2000\" height=\"960\" src=\"https:\/\/fycconsultores.com\/inicio\/wp-content\/uploads\/2026\/04\/Imagenes-web_Banner-Home-1.png\" class=\"ls-bg\" alt=\"\" srcset=\"https:\/\/fycconsultores.com\/inicio\/wp-content\/uploads\/2026\/04\/Imagenes-web_Banner-Home-1.png 2000w, https:\/\/fycconsultores.com\/inicio\/wp-content\/uploads\/2026\/04\/Imagenes-web_Banner-Home-1-300x144.png 300w, https:\/\/fycconsultores.com\/inicio\/wp-content\/uploads\/2026\/04\/Imagenes-web_Banner-Home-1-1024x492.png 1024w, https:\/\/fycconsultores.com\/inicio\/wp-content\/uploads\/2026\/04\/Imagenes-web_Banner-Home-1-768x369.png 768w, https:\/\/fycconsultores.com\/inicio\/wp-content\/uploads\/2026\/04\/Imagenes-web_Banner-Home-1-1536x737.png 1536w, https:\/\/fycconsultores.com\/inicio\/wp-content\/uploads\/2026\/04\/Imagenes-web_Banner-Home-1-100x48.png 100w, https:\/\/fycconsultores.com\/inicio\/wp-content\/uploads\/2026\/04\/Imagenes-web_Banner-Home-1-862x414.png 862w, https:\/\/fycconsultores.com\/inicio\/wp-content\/uploads\/2026\/04\/Imagenes-web_Banner-Home-1-1170x562.png 1170w\" sizes=\"auto, (max-width: 2000px) 100vw, 2000px\" \/><a href=\"https:\/\/fycconsultores.com\/inicio\/jornadaevents\/jor-retencion-fuente-sector-publico\" target=\"_self\" class=\"ls-link ls-link-on-top\"><\/a><\/div><div class=\"ls-slide\" ><img loading=\"lazy\" decoding=\"async\" width=\"2000\" height=\"960\" src=\"https:\/\/fycconsultores.com\/inicio\/wp-content\/uploads\/2026\/04\/Imagenes-web_Banner-Home-2.png\" class=\"ls-bg\" alt=\"\" srcset=\"https:\/\/fycconsultores.com\/inicio\/wp-content\/uploads\/2026\/04\/Imagenes-web_Banner-Home-2.png 2000w, https:\/\/fycconsultores.com\/inicio\/wp-content\/uploads\/2026\/04\/Imagenes-web_Banner-Home-2-300x144.png 300w, https:\/\/fycconsultores.com\/inicio\/wp-content\/uploads\/2026\/04\/Imagenes-web_Banner-Home-2-1024x492.png 1024w, https:\/\/fycconsultores.com\/inicio\/wp-content\/uploads\/2026\/04\/Imagenes-web_Banner-Home-2-768x369.png 768w, https:\/\/fycconsultores.com\/inicio\/wp-content\/uploads\/2026\/04\/Imagenes-web_Banner-Home-2-1536x737.png 1536w, https:\/\/fycconsultores.com\/inicio\/wp-content\/uploads\/2026\/04\/Imagenes-web_Banner-Home-2-100x48.png 100w, https:\/\/fycconsultores.com\/inicio\/wp-content\/uploads\/2026\/04\/Imagenes-web_Banner-Home-2-862x414.png 862w, https:\/\/fycconsultores.com\/inicio\/wp-content\/uploads\/2026\/04\/Imagenes-web_Banner-Home-2-1170x562.png 1170w\" sizes=\"auto, (max-width: 2000px) 100vw, 2000px\" \/><a href=\"https:\/\/fycconsultores.com\/inicio\/jornadaevents\/cng-vi-gestion-riesgo\" target=\"_self\" class=\"ls-link ls-link-on-top\"><\/a><\/div><div class=\"ls-slide\" ><img loading=\"lazy\" decoding=\"async\" width=\"2000\" height=\"960\" src=\"https:\/\/fycconsultores.com\/inicio\/wp-content\/uploads\/2026\/04\/Imagenes-web_Banner-Home-3.png\" class=\"ls-bg\" alt=\"\" srcset=\"https:\/\/fycconsultores.com\/inicio\/wp-content\/uploads\/2026\/04\/Imagenes-web_Banner-Home-3.png 2000w, https:\/\/fycconsultores.com\/inicio\/wp-content\/uploads\/2026\/04\/Imagenes-web_Banner-Home-3-300x144.png 300w, https:\/\/fycconsultores.com\/inicio\/wp-content\/uploads\/2026\/04\/Imagenes-web_Banner-Home-3-1024x492.png 1024w, https:\/\/fycconsultores.com\/inicio\/wp-content\/uploads\/2026\/04\/Imagenes-web_Banner-Home-3-768x369.png 768w, https:\/\/fycconsultores.com\/inicio\/wp-content\/uploads\/2026\/04\/Imagenes-web_Banner-Home-3-1536x737.png 1536w, https:\/\/fycconsultores.com\/inicio\/wp-content\/uploads\/2026\/04\/Imagenes-web_Banner-Home-3-100x48.png 100w, https:\/\/fycconsultores.com\/inicio\/wp-content\/uploads\/2026\/04\/Imagenes-web_Banner-Home-3-862x414.png 862w, https:\/\/fycconsultores.com\/inicio\/wp-content\/uploads\/2026\/04\/Imagenes-web_Banner-Home-3-1170x562.png 1170w\" sizes=\"auto, (max-width: 2000px) 100vw, 2000px\" \/><a href=\"https:\/\/fycconsultores.com\/inicio\/jornadaevents\/curso-intensivo-contratacion-estatal\" target=\"_self\" class=\"ls-link ls-link-on-top\"><\/a><\/div><div class=\"ls-slide\" ><img loading=\"lazy\" decoding=\"async\" width=\"2000\" height=\"960\" src=\"https:\/\/fycconsultores.com\/inicio\/wp-content\/uploads\/2026\/04\/Imagenes-web_Banner-Home-4.png\" class=\"ls-bg\" alt=\"\" srcset=\"https:\/\/fycconsultores.com\/inicio\/wp-content\/uploads\/2026\/04\/Imagenes-web_Banner-Home-4.png 2000w, https:\/\/fycconsultores.com\/inicio\/wp-content\/uploads\/2026\/04\/Imagenes-web_Banner-Home-4-300x144.png 300w, https:\/\/fycconsultores.com\/inicio\/wp-content\/uploads\/2026\/04\/Imagenes-web_Banner-Home-4-1024x492.png 1024w, https:\/\/fycconsultores.com\/inicio\/wp-content\/uploads\/2026\/04\/Imagenes-web_Banner-Home-4-768x369.png 768w, https:\/\/fycconsultores.com\/inicio\/wp-content\/uploads\/2026\/04\/Imagenes-web_Banner-Home-4-1536x737.png 1536w, https:\/\/fycconsultores.com\/inicio\/wp-content\/uploads\/2026\/04\/Imagenes-web_Banner-Home-4-100x48.png 100w, https:\/\/fycconsultores.com\/inicio\/wp-content\/uploads\/2026\/04\/Imagenes-web_Banner-Home-4-862x414.png 862w, https:\/\/fycconsultores.com\/inicio\/wp-content\/uploads\/2026\/04\/Imagenes-web_Banner-Home-4-1170x562.png 1170w\" sizes=\"auto, (max-width: 2000px) 100vw, 2000px\" \/><a href=\"https:\/\/fycconsultores.com\/inicio\/jornadaevents\/cng-xvii-contratacion-estatal\" target=\"_self\" class=\"ls-link ls-link-on-top\"><\/a><\/div><div class=\"ls-slide\" ><img loading=\"lazy\" decoding=\"async\" width=\"2000\" height=\"960\" src=\"https:\/\/fycconsultores.com\/inicio\/wp-content\/uploads\/2026\/04\/Imagenes-web_Banner-Home-6.png\" class=\"ls-bg\" alt=\"\" srcset=\"https:\/\/fycconsultores.com\/inicio\/wp-content\/uploads\/2026\/04\/Imagenes-web_Banner-Home-6.png 2000w, https:\/\/fycconsultores.com\/inicio\/wp-content\/uploads\/2026\/04\/Imagenes-web_Banner-Home-6-300x144.png 300w, https:\/\/fycconsultores.com\/inicio\/wp-content\/uploads\/2026\/04\/Imagenes-web_Banner-Home-6-1024x492.png 1024w, https:\/\/fycconsultores.com\/inicio\/wp-content\/uploads\/2026\/04\/Imagenes-web_Banner-Home-6-768x369.png 768w, https:\/\/fycconsultores.com\/inicio\/wp-content\/uploads\/2026\/04\/Imagenes-web_Banner-Home-6-1536x737.png 1536w, https:\/\/fycconsultores.com\/inicio\/wp-content\/uploads\/2026\/04\/Imagenes-web_Banner-Home-6-100x48.png 100w, https:\/\/fycconsultores.com\/inicio\/wp-content\/uploads\/2026\/04\/Imagenes-web_Banner-Home-6-862x414.png 862w, https:\/\/fycconsultores.com\/inicio\/wp-content\/uploads\/2026\/04\/Imagenes-web_Banner-Home-6-1170x562.png 1170w\" sizes=\"auto, (max-width: 2000px) 100vw, 2000px\" \/><a href=\"https:\/\/fycconsultores.com\/inicio\/jornadaevents\/sem-taller-novedades-contabilidad-tesoreria-publica\" target=\"_self\" class=\"ls-link ls-link-on-top\"><\/a><\/div><div class=\"ls-slide\" ><img loading=\"lazy\" decoding=\"async\" width=\"2000\" height=\"960\" src=\"https:\/\/fycconsultores.com\/inicio\/wp-content\/uploads\/2026\/04\/Imagenes-web_Banner-Home-8.png\" class=\"ls-bg\" alt=\"\" srcset=\"https:\/\/fycconsultores.com\/inicio\/wp-content\/uploads\/2026\/04\/Imagenes-web_Banner-Home-8.png 2000w, https:\/\/fycconsultores.com\/inicio\/wp-content\/uploads\/2026\/04\/Imagenes-web_Banner-Home-8-300x144.png 300w, https:\/\/fycconsultores.com\/inicio\/wp-content\/uploads\/2026\/04\/Imagenes-web_Banner-Home-8-1024x492.png 1024w, https:\/\/fycconsultores.com\/inicio\/wp-content\/uploads\/2026\/04\/Imagenes-web_Banner-Home-8-768x369.png 768w, https:\/\/fycconsultores.com\/inicio\/wp-content\/uploads\/2026\/04\/Imagenes-web_Banner-Home-8-1536x737.png 1536w, https:\/\/fycconsultores.com\/inicio\/wp-content\/uploads\/2026\/04\/Imagenes-web_Banner-Home-8-100x48.png 100w, https:\/\/fycconsultores.com\/inicio\/wp-content\/uploads\/2026\/04\/Imagenes-web_Banner-Home-8-862x414.png 862w, https:\/\/fycconsultores.com\/inicio\/wp-content\/uploads\/2026\/04\/Imagenes-web_Banner-Home-8-1170x562.png 1170w\" sizes=\"auto, (max-width: 2000px) 100vw, 2000px\" \/><a href=\"https:\/\/fycconsultores.com\/inicio\/jornadaevents\/cng-xix-derecho-disciplinario\" target=\"_self\" class=\"ls-link ls-link-on-top\"><\/a><\/div><\/div><\/div><\/div><\/div><\/div><div id=\"x-section-1\" class=\"x-section cs-ta-center\" style=\"margin: 0px;padding: 50px 0px 10px; background-color: transparent;\" ><div id=\"\" class=\"x-container max width\" style=\"margin: 0px auto;padding: 0px 5%;\" ><div id=\"#Case1\" class=\"x-column x-sm x-1-1\" style=\"padding: 0px;\" ><h2  class=\"h-custom-headline man h3\" ><span><strong style=\"color:#595a29;\">Somos F&C CONSULTORES<\/strong><\/span><\/h2><div class=\"x-text x-content e120-e9 m3c-6 m3c-7\"><p style=\"text-align: center;\">Somos una empresa privada con una trayectoria de m\u00e1s de 15 a\u00f1os, experta en el dise\u00f1o y ejecuci\u00f3n de programas acad\u00e9micos especializados para el sector p\u00fablico, que le apuesta a la generaci\u00f3n y gesti\u00f3n del conocimiento de los servidores p\u00fablicos como pilar fundamental para la construcci\u00f3n de un mejor pa\u00eds.<\/p><\/div><span class=\"x-image e120-e10 m3c-9 m3c-a\"><img decoding=\"async\" src=\"https:\/\/fycconsultores.com\/inicio\/wp-content\/uploads\/2025\/01\/Slogan.png\" width=\"960\" height=\"46\" alt=\"Image\" loading=\"lazy\"><\/span><a  class=\"x-btn x-btn-large\"  href=\"https:\/\/fycconsultores.com\/inicio\/?page_id=104\" title=\"More About Us\"    data-options=\"thumbnail: ''\">Cont\u00e1ctenos<\/a><\/div><\/div><\/div><div id=\"x-section-2\" class=\"x-section\" style=\"margin: 0px;padding: 0 0px; background-color: transparent;\" ><div id=\"\" class=\"x-container\" style=\"margin: 0px auto;padding: 0px;\" ><div  class=\"x-column x-sm x-1-1\" style=\"padding: 0px;\" ><a  class=\"x-creative-cta slide-bottom\" href=\"http:\/\/fycconsultores.com\/inicio\/?page_id=104\" style=\"padding: 65px 50px 65px 50px; color: #ffffff; background-color: #694043;\" data-x-element=\"creative_cta\" data-x-params=\"{&quot;animation&quot;:&quot; slide-bottom&quot;,&quot;bg_color&quot;:&quot;#694043&quot;,&quot;bg_color_hover&quot;:&quot;#694043&quot;}\"><span class=\"text\" style=\"font-size: 45px;\">\u00a1Escr\u00edbanos aqu\u00ed!<\/span><span class=\"graphic\"><i style=\"margin: 0; font-size: 75px;\" class=\"x-icon-arrow-down-to-line\" data-x-icon-s=\"&#xf33d;\"><\/i><\/span><\/a><\/div><\/div><\/div><div id=\"x-section-3\" class=\"x-section dark-section bg-pattern parallax\" style=\"margin: 0px;padding: 50px 0px; background-image: url(http:\/\/fycconsultores.com\/inicio\/wp-content\/uploads\/2019\/10\/contacto.jpg); background-color: #27292a;\" data-x-element=\"section\" data-x-params=\"{&quot;type&quot;:&quot;pattern&quot;,&quot;parallax&quot;:true}\"><div id=\"\" class=\"x-container max width\" style=\"margin: 0px auto;padding: 0px;\" ><div  class=\"x-column x-sm x-1-2\" style=\"padding: 10px; background-color:#595959;\" ><div class=\"x-text x-content e120-e19 m3c-7 m3c-8\"><iframe loading=\"lazy\" src=\"https:\/\/www.google.com\/maps\/embed?pb=!1m18!1m12!1m3!1d994.1618944014455!2d-74.05651865215229!3d4.656780270520011!2m3!1f0!2f0!3f0!3m2!1i1024!2i768!4f13.1!3m3!1m2!1s0x8e3f9a5cdf40c7cb%3A0xde9b74cd704a87aa!2sFYC%20Consultores!5e0!3m2!1ses-419!2sco!4v1574266927984!5m2!1ses-419!2sco\" width=\"600\" height=\"450\" frameborder=\"0\" style=\"border:0;\" allowfullscreen=\"\"><\/iframe><\/div><\/div><div  class=\"x-column x-sm x-1-2\" style=\"padding: 0px;\" ><hr  class=\"x-gap\" style=\"margin: 50px 0 0 0;\"><h2  class=\"h-custom-headline man h3\" ><span>\nEncu\u00e9ntrenos en:<\/span><\/h2><div  class=\"x-raw-content mts\" style=\"color: #fff;\"><p class=\"man\">Carrera 46 # 22b - 20, Teusaquillo, Bogot\u00e1 <br> Oficina 602<\/p><\/div><hr  class=\"x-gap\" style=\"margin: 50px 0 0 0;\"><h2  class=\"h-custom-headline man h3\" ><span>Cont\u00e1ctenos<\/span><\/h2><div  class=\"x-raw-content mts\" style=\"color: #fff;\"><p class=\"man\">316 3861932<\/p><\/div><hr  class=\"x-gap\" style=\"margin: 50px 0 0 0;\"><h2  class=\"h-custom-headline man h3\" ><span>\nEnv\u00edenos un correo electr\u00f3nico<\/span><\/h2><div  class=\"x-raw-content mts\" style=\"color: #fff;\"><p class=\"man\">contactenos@fycconsultores.com<\/p><\/div><\/div><\/div><\/div><div class=\"x-section x-hide-lg x-hide-md x-hide-xl e120-e30 m3c-0\"><div class=\"x-row x-container max width e120-e31 m3c-1 m3c-2 m3c-4\"><div class=\"x-row-inner\"><div class=\"x-col e120-e32 m3c-5\"><span class=\"x-image e120-e33 m3c-9 m3c-b\"><img decoding=\"async\" src=\"http:\/\/fycconsultores.com\/inicio\/wp-content\/uploads\/2019\/12\/Captura.png\" width=\"564\" height=\"55\" alt=\"Image\" loading=\"lazy\"><\/span><\/div><\/div><\/div><\/div><\/div>\n","protected":false},"excerpt":{"rendered":"<p>Somos F&#038;C CONSULTORESSomos una empresa privada con una trayectoria de m\u00e1s de 15 a\u00f1os, experta en el dise\u00f1o y ejecuci\u00f3n de programas acad\u00e9micos especializados para el sector p\u00fablico, que le &#8230;<\/p>\n","protected":false},"author":2,"featured_media":0,"parent":0,"menu_order":0,"comment_status":"closed","ping_status":"closed","template":"template-blank-4.php","meta":{"ngg_post_thumbnail":0,"_joinchat":[],"footnotes":""},"class_list":["post-120","page","type-page","status-publish","hentry","no-post-thumbnail"],"_links":{"self":[{"href":"https:\/\/fycconsultores.com\/inicio\/wp-json\/wp\/v2\/pages\/120","targetHints":{"allow":["GET"]}}],"collection":[{"href":"https:\/\/fycconsultores.com\/inicio\/wp-json\/wp\/v2\/pages"}],"about":[{"href":"https:\/\/fycconsultores.com\/inicio\/wp-json\/wp\/v2\/types\/page"}],"author":[{"embeddable":true,"href":"https:\/\/fycconsultores.com\/inicio\/wp-json\/wp\/v2\/users\/2"}],"replies":[{"embeddable":true,"href":"https:\/\/fycconsultores.com\/inicio\/wp-json\/wp\/v2\/comments?post=120"}],"version-history":[{"count":178,"href":"https:\/\/fycconsultores.com\/inicio\/wp-json\/wp\/v2\/pages\/120\/revisions"}],"predecessor-version":[{"id":13051,"href":"https:\/\/fycconsultores.com\/inicio\/wp-json\/wp\/v2\/pages\/120\/revisions\/13051"}],"wp:attachment":[{"href":"https:\/\/fycconsultores.com\/inicio\/wp-json\/wp\/v2\/media?parent=120"}],"curies":[{"name":"wp","href":"https:\/\/api.w.org\/{rel}","templated":true}]}}