{"id":104,"date":"2015-04-08T18:39:18","date_gmt":"2015-04-08T18:39:18","guid":{"rendered":"http:\/\/fycconsultores.com\/inicio\/?page_id=104"},"modified":"2021-09-23T21:19:13","modified_gmt":"2021-09-23T21:19:13","slug":"contactenos-2","status":"publish","type":"page","link":"https:\/\/fycconsultores.com\/inicio\/contactenos-2","title":{"rendered":"Cont\u00e1ctenos"},"content":{"rendered":"<div id=\"cs-content\" class=\"cs-content\"><\/div>\n","protected":false},"excerpt":{"rendered":"<p>Comience su proyecto hoyEscribanos y tendremos el gusto de ajustar su solicitud.contactenos@fycconsultores.comEncu\u00e9ntrenos en:Carrera. 46 # 22b &#8211; 20, Bogot\u00e1 Oficina 602Cont\u00e1ctenosCelular: 316 3861932 PBX: (601) 3202662Env\u00edenos un correo electr\u00f3nicocontactenos@fycconsultores.com\u00bfC\u00f3mo llegar?\u00danica &#8230;<\/p>\n","protected":false},"author":2,"featured_media":0,"parent":0,"menu_order":0,"comment_status":"closed","ping_status":"closed","template":"template-blank-4.php","meta":{"ngg_post_thumbnail":0,"_joinchat":[],"footnotes":""},"class_list":["post-104","page","type-page","status-publish","hentry","no-post-thumbnail"],"_links":{"self":[{"href":"https:\/\/fycconsultores.com\/inicio\/wp-json\/wp\/v2\/pages\/104","targetHints":{"allow":["GET"]}}],"collection":[{"href":"https:\/\/fycconsultores.com\/inicio\/wp-json\/wp\/v2\/pages"}],"about":[{"href":"https:\/\/fycconsultores.com\/inicio\/wp-json\/wp\/v2\/types\/page"}],"author":[{"embeddable":true,"href":"https:\/\/fycconsultores.com\/inicio\/wp-json\/wp\/v2\/users\/2"}],"replies":[{"embeddable":true,"href":"https:\/\/fycconsultores.com\/inicio\/wp-json\/wp\/v2\/comments?post=104"}],"version-history":[{"count":21,"href":"https:\/\/fycconsultores.com\/inicio\/wp-json\/wp\/v2\/pages\/104\/revisions"}],"predecessor-version":[{"id":5494,"href":"https:\/\/fycconsultores.com\/inicio\/wp-json\/wp\/v2\/pages\/104\/revisions\/5494"}],"wp:attachment":[{"href":"https:\/\/fycconsultores.com\/inicio\/wp-json\/wp\/v2\/media?parent=104"}],"curies":[{"name":"wp","href":"https:\/\/api.w.org\/{rel}","templated":true}]}}